{"id":1547,"date":"2024-09-16T11:09:24","date_gmt":"2024-09-16T11:09:24","guid":{"rendered":"https:\/\/catedra.ai\/politica-de-cookies\/"},"modified":"2024-09-20T06:01:48","modified_gmt":"2024-09-20T06:01:48","slug":"politica-de-cookies","status":"publish","type":"page","link":"https:\/\/catedra.ai\/es\/politica-de-cookies\/","title":{"rendered":"POL\u00cdTICA DE COOKIES"},"content":{"rendered":"\t\t<div data-elementor-type=\"wp-page\" data-elementor-id=\"1547\" class=\"elementor elementor-1547 elementor-1422\" data-elementor-post-type=\"page\">\n\t\t\t\t<div class=\"elementor-element elementor-element-462f7ee e-flex e-con-boxed e-con e-parent\" data-id=\"462f7ee\" data-element_type=\"container\" data-settings=\"{&quot;background_background&quot;:&quot;classic&quot;}\">\n\t\t\t\t\t<div class=\"e-con-inner\">\n\t\t\t\t<div class=\"elementor-element elementor-element-09f8964 elementor-widget elementor-widget-heading\" data-id=\"09f8964\" data-element_type=\"widget\" data-widget_type=\"heading.default\">\n\t\t\t\t<div class=\"elementor-widget-container\">\n\t\t\t<style>\/*! elementor - v3.21.0 - 08-05-2024 *\/\n.elementor-heading-title{padding:0;margin:0;line-height:1}.elementor-widget-heading .elementor-heading-title[class*=elementor-size-]>a{color:inherit;font-size:inherit;line-height:inherit}.elementor-widget-heading .elementor-heading-title.elementor-size-small{font-size:15px}.elementor-widget-heading .elementor-heading-title.elementor-size-medium{font-size:19px}.elementor-widget-heading .elementor-heading-title.elementor-size-large{font-size:29px}.elementor-widget-heading .elementor-heading-title.elementor-size-xl{font-size:39px}.elementor-widget-heading .elementor-heading-title.elementor-size-xxl{font-size:59px}<\/style><h2 class=\"elementor-heading-title elementor-size-default\">GALLETAS BANNER<\/h2>\t\t<\/div>\n\t\t\t\t<\/div>\n\t\t\t\t<div class=\"elementor-element elementor-element-87795dd elementor-widget elementor-widget-text-editor\" data-id=\"87795dd\" data-element_type=\"widget\" data-widget_type=\"text-editor.default\">\n\t\t\t\t<div class=\"elementor-widget-container\">\n\t\t\t<style>\/*! elementor - v3.21.0 - 08-05-2024 *\/\n.elementor-widget-text-editor.elementor-drop-cap-view-stacked .elementor-drop-cap{background-color:#69727d;color:#fff}.elementor-widget-text-editor.elementor-drop-cap-view-framed .elementor-drop-cap{color:#69727d;border:3px solid;background-color:transparent}.elementor-widget-text-editor:not(.elementor-drop-cap-view-default) .elementor-drop-cap{margin-top:8px}.elementor-widget-text-editor:not(.elementor-drop-cap-view-default) .elementor-drop-cap-letter{width:1em;height:1em}.elementor-widget-text-editor .elementor-drop-cap{float:left;text-align:center;line-height:1;font-size:50px}.elementor-widget-text-editor .elementor-drop-cap-letter{display:inline-block}<\/style>\t\t\t\t<p>Este sitio web utiliza cookies anal\u00edticas propias y de terceros para permitir el correcto funcionamiento del sitio web y del Servicio contratado, mejorar su seguridad y, en su caso, analizar sus h\u00e1bitos de navegaci\u00f3n. Puede aceptar todas las cookies haciendo clic en \u00abAceptar\u00bb o puede configurar su uso. Si haces clic en \u00abConfigurar\u00bb acceder\u00e1s a la Pol\u00edtica de Cookies donde encontrar\u00e1s m\u00e1s informaci\u00f3n y podr\u00e1s activar o desactivar las cookies de forma personalizada, siempre y cuando estas cookies no sean necesarias para el funcionamiento de la web.  <\/p>\n<p><strong>POL\u00cdTICA DE COOKIES<\/strong><br \/>Este sitio web utiliza cookies y\/o tecnolog\u00edas similares que recogen y almacenan informaci\u00f3n cuando usted navega. Estas tecnolog\u00edas pueden tener finalidades muy diversas, como permitir el correcto funcionamiento del sitio web y del Servicio contratado, reconocerle como usuario, mejorar la seguridad del sitio web, etc. Los usos espec\u00edficos de estas tecnolog\u00edas se describen a continuaci\u00f3n.  <\/p>\n<p><strong>Procesar las cookies del sitio web Talks<br \/><\/strong><br \/><strong>Cookies propias<\/strong><br \/>Son cookies que se env\u00edan al equipo del usuario desde un equipo o dominio gestionado por Process Talks:<\/p>\n<ul>\n<li> JSESSIONID:&#8230;&#8230;&#8230;&#8230;&#8230;&#8230;&#8230;&#8230;..<\/li>\n<li> XSRF-TOKEN:&#8230;&#8230;&#8230;&#8230;&#8230;&#8230;&#8230;&#8230;&#8230;<\/li>\n<li> CONVERSACIONES SOBRE EL PROCESO:&#8230;&#8230;&#8230;&#8230;&#8230;&#8230;&#8230;&#8230;&#8230;<\/li>\n<\/ul>\n<p><strong>Cookies de terceros<\/strong><\/p>\n<p>Son cookies que se env\u00edan al ordenador del usuario desde un equipo o dominio gestionado por un tercero externo:<\/p>\n<p>No se utilizan cookies de terceros<\/p>\n<\/p>\n<p><strong>Informaci\u00f3n adicional sobre la desactivaci\u00f3n de cookies<\/strong><\/p>\n<p>Para gestionar el uso de cookies, el usuario tambi\u00e9n puede definir la configuraci\u00f3n de privacidad de su navegador:<\/p>\n<ul>\n<li> M\u00e1s informaci\u00f3n sobre el navegador Explorer aqu\u00ed.<\/li>\n<li> M\u00e1s informaci\u00f3n sobre el navegador Firefox aqu\u00ed.<\/li>\n<li> M\u00e1s informaci\u00f3n sobre el navegador Opera aqu\u00ed.<\/li>\n<li> M\u00e1s informaci\u00f3n sobre el navegador Google Chrome aqu\u00ed.<\/li>\n<li> M\u00e1s informaci\u00f3n sobre el navegador Safari aqu\u00ed.\n<p><\/li>\n<\/ul>\n<p><strong>Base jur\u00eddica y per\u00edodo de conservaci\u00f3n<\/strong><\/p>\n<p>El uso de cookies puede implicar el tratamiento de sus datos personales. En ese caso, la base jur\u00eddica de dicho tratamiento ser\u00e1 el consentimiento del usuario, que se manifiesta haciendo clic en el bot\u00f3n \u00abAceptar\u00bb del banner informativo. <\/p>\n<p>The use of cookies may involve the processing of your personal data. In this case, the legal basis for such processing will be the user&#8217;s consent, which is expressed by clicking the \u201cAccept\u201d button on the information banner.<\/p>\n<p><strong>Pol\u00edtica de privacidad<\/strong><\/p>\n<p>Para cualquier otra cuesti\u00f3n o pregunta relacionada con el tratamiento de sus datos personales, puede consultar nuestra Pol\u00edtica de privacidad.<\/p>\n\t\t\t\t\t\t<\/div>\n\t\t\t\t<\/div>\n\t\t\t\t\t<\/div>\n\t\t\t\t<\/div>\n\t\t\t\t<\/div>\n\t\t","protected":false},"excerpt":{"rendered":"<p>GALLETAS BANNER Este sitio web utiliza cookies anal\u00edticas propias y de terceros para permitir el correcto funcionamiento del sitio web y del Servicio contratado, mejorar su seguridad y, en su caso, analizar sus h\u00e1bitos de navegaci\u00f3n. Puede aceptar todas las cookies haciendo clic en \u00abAceptar\u00bb o puede configurar su uso. Si haces clic en \u00abConfigurar\u00bb [&hellip;]<\/p>\n","protected":false},"author":2,"featured_media":0,"parent":0,"menu_order":0,"comment_status":"closed","ping_status":"closed","template":"elementor_header_footer","meta":{"footnotes":""},"class_list":["post-1547","page","type-page","status-publish","hentry"],"yoast_head":"<!-- This site is optimized with the Yoast SEO plugin v22.6 - https:\/\/yoast.com\/wordpress\/plugins\/seo\/ -->\n<title>POL\u00cdTICA DE COOKIES - Catedra.ai<\/title>\n<meta name=\"robots\" content=\"index, follow, max-snippet:-1, max-image-preview:large, max-video-preview:-1\" \/>\n<link rel=\"canonical\" href=\"https:\/\/catedra.ai\/es\/politica-de-cookies\/\" \/>\n<meta property=\"og:locale\" content=\"es_ES\" \/>\n<meta property=\"og:type\" content=\"article\" \/>\n<meta property=\"og:title\" content=\"POL\u00cdTICA DE COOKIES - Catedra.ai\" \/>\n<meta property=\"og:description\" content=\"GALLETAS BANNER Este sitio web utiliza cookies anal\u00edticas propias y de terceros para permitir el correcto funcionamiento del sitio web y del Servicio contratado, mejorar su seguridad y, en su caso, analizar sus h\u00e1bitos de navegaci\u00f3n. Puede aceptar todas las cookies haciendo clic en \u00abAceptar\u00bb o puede configurar su uso. Si haces clic en \u00abConfigurar\u00bb [&hellip;]\" \/>\n<meta property=\"og:url\" content=\"https:\/\/catedra.ai\/es\/politica-de-cookies\/\" \/>\n<meta property=\"og:site_name\" content=\"Catedra.ai\" \/>\n<meta property=\"article:modified_time\" content=\"2024-09-20T06:01:48+00:00\" \/>\n<meta name=\"twitter:card\" content=\"summary_large_image\" \/>\n<meta name=\"twitter:label1\" content=\"Tiempo de lectura\" \/>\n\t<meta name=\"twitter:data1\" content=\"2 minutos\" \/>\n<script type=\"application\/ld+json\" class=\"yoast-schema-graph\">{\"@context\":\"https:\/\/schema.org\",\"@graph\":[{\"@type\":\"WebPage\",\"@id\":\"https:\/\/catedra.ai\/es\/politica-de-cookies\/\",\"url\":\"https:\/\/catedra.ai\/es\/politica-de-cookies\/\",\"name\":\"POL\u00cdTICA DE COOKIES - Catedra.ai\",\"isPartOf\":{\"@id\":\"https:\/\/catedra.ai\/#website\"},\"datePublished\":\"2024-09-16T11:09:24+00:00\",\"dateModified\":\"2024-09-20T06:01:48+00:00\",\"breadcrumb\":{\"@id\":\"https:\/\/catedra.ai\/es\/politica-de-cookies\/#breadcrumb\"},\"inLanguage\":\"es\",\"potentialAction\":[{\"@type\":\"ReadAction\",\"target\":[\"https:\/\/catedra.ai\/es\/politica-de-cookies\/\"]}]},{\"@type\":\"BreadcrumbList\",\"@id\":\"https:\/\/catedra.ai\/es\/politica-de-cookies\/#breadcrumb\",\"itemListElement\":[{\"@type\":\"ListItem\",\"position\":1,\"name\":\"Home\",\"item\":\"https:\/\/catedra.ai\/es\/\"},{\"@type\":\"ListItem\",\"position\":2,\"name\":\"POL\u00cdTICA DE COOKIES\"}]},{\"@type\":\"WebSite\",\"@id\":\"https:\/\/catedra.ai\/#website\",\"url\":\"https:\/\/catedra.ai\/\",\"name\":\"Catedra.ai\",\"description\":\"\",\"potentialAction\":[{\"@type\":\"SearchAction\",\"target\":{\"@type\":\"EntryPoint\",\"urlTemplate\":\"https:\/\/catedra.ai\/?s={search_term_string}\"},\"query-input\":\"required name=search_term_string\"}],\"inLanguage\":\"es\"}]}<\/script>\n<!-- \/ Yoast SEO plugin. -->","yoast_head_json":{"title":"POL\u00cdTICA DE COOKIES - Catedra.ai","robots":{"index":"index","follow":"follow","max-snippet":"max-snippet:-1","max-image-preview":"max-image-preview:large","max-video-preview":"max-video-preview:-1"},"canonical":"https:\/\/catedra.ai\/es\/politica-de-cookies\/","og_locale":"es_ES","og_type":"article","og_title":"POL\u00cdTICA DE COOKIES - Catedra.ai","og_description":"GALLETAS BANNER Este sitio web utiliza cookies anal\u00edticas propias y de terceros para permitir el correcto funcionamiento del sitio web y del Servicio contratado, mejorar su seguridad y, en su caso, analizar sus h\u00e1bitos de navegaci\u00f3n. Puede aceptar todas las cookies haciendo clic en \u00abAceptar\u00bb o puede configurar su uso. Si haces clic en \u00abConfigurar\u00bb [&hellip;]","og_url":"https:\/\/catedra.ai\/es\/politica-de-cookies\/","og_site_name":"Catedra.ai","article_modified_time":"2024-09-20T06:01:48+00:00","twitter_card":"summary_large_image","twitter_misc":{"Tiempo de lectura":"2 minutos"},"schema":{"@context":"https:\/\/schema.org","@graph":[{"@type":"WebPage","@id":"https:\/\/catedra.ai\/es\/politica-de-cookies\/","url":"https:\/\/catedra.ai\/es\/politica-de-cookies\/","name":"POL\u00cdTICA DE COOKIES - Catedra.ai","isPartOf":{"@id":"https:\/\/catedra.ai\/#website"},"datePublished":"2024-09-16T11:09:24+00:00","dateModified":"2024-09-20T06:01:48+00:00","breadcrumb":{"@id":"https:\/\/catedra.ai\/es\/politica-de-cookies\/#breadcrumb"},"inLanguage":"es","potentialAction":[{"@type":"ReadAction","target":["https:\/\/catedra.ai\/es\/politica-de-cookies\/"]}]},{"@type":"BreadcrumbList","@id":"https:\/\/catedra.ai\/es\/politica-de-cookies\/#breadcrumb","itemListElement":[{"@type":"ListItem","position":1,"name":"Home","item":"https:\/\/catedra.ai\/es\/"},{"@type":"ListItem","position":2,"name":"POL\u00cdTICA DE COOKIES"}]},{"@type":"WebSite","@id":"https:\/\/catedra.ai\/#website","url":"https:\/\/catedra.ai\/","name":"Catedra.ai","description":"","potentialAction":[{"@type":"SearchAction","target":{"@type":"EntryPoint","urlTemplate":"https:\/\/catedra.ai\/?s={search_term_string}"},"query-input":"required name=search_term_string"}],"inLanguage":"es"}]}},"_links":{"self":[{"href":"https:\/\/catedra.ai\/es\/wp-json\/wp\/v2\/pages\/1547","targetHints":{"allow":["GET"]}}],"collection":[{"href":"https:\/\/catedra.ai\/es\/wp-json\/wp\/v2\/pages"}],"about":[{"href":"https:\/\/catedra.ai\/es\/wp-json\/wp\/v2\/types\/page"}],"author":[{"embeddable":true,"href":"https:\/\/catedra.ai\/es\/wp-json\/wp\/v2\/users\/2"}],"replies":[{"embeddable":true,"href":"https:\/\/catedra.ai\/es\/wp-json\/wp\/v2\/comments?post=1547"}],"version-history":[{"count":5,"href":"https:\/\/catedra.ai\/es\/wp-json\/wp\/v2\/pages\/1547\/revisions"}],"predecessor-version":[{"id":1595,"href":"https:\/\/catedra.ai\/es\/wp-json\/wp\/v2\/pages\/1547\/revisions\/1595"}],"wp:attachment":[{"href":"https:\/\/catedra.ai\/es\/wp-json\/wp\/v2\/media?parent=1547"}],"curies":[{"name":"wp","href":"https:\/\/api.w.org\/{rel}","templated":true}]}}